{"id":12,"date":"2022-08-14T11:05:37","date_gmt":"2022-08-14T09:05:37","guid":{"rendered":"https:\/\/id-horsemanship.hsudl-hosting.eu\/?page_id=12"},"modified":"2023-11-27T12:27:55","modified_gmt":"2023-11-27T11:27:55","slug":"ueber-mich","status":"publish","type":"page","link":"https:\/\/www.id-horsemanship.de\/?page_id=12","title":{"rendered":"\u00dcber mich"},"content":{"rendered":"\n<figure class=\"wp-block-image size-large\"><img loading=\"lazy\" decoding=\"async\" width=\"1024\" height=\"234\" src=\"https:\/\/id-horsemanship.hsudl-hosting.eu\/wp-content\/uploads\/2023\/01\/Logo-mit-NHSTExt-1-1024x234.jpg\" alt=\"\" class=\"wp-image-58\" srcset=\"https:\/\/www.id-horsemanship.de\/wp-content\/uploads\/2023\/01\/Logo-mit-NHSTExt-1-1024x234.jpg 1024w, https:\/\/www.id-horsemanship.de\/wp-content\/uploads\/2023\/01\/Logo-mit-NHSTExt-1-300x69.jpg 300w, https:\/\/www.id-horsemanship.de\/wp-content\/uploads\/2023\/01\/Logo-mit-NHSTExt-1-768x176.jpg 768w, https:\/\/www.id-horsemanship.de\/wp-content\/uploads\/2023\/01\/Logo-mit-NHSTExt-1-1536x351.jpg 1536w, https:\/\/www.id-horsemanship.de\/wp-content\/uploads\/2023\/01\/Logo-mit-NHSTExt-1-1568x358.jpg 1568w, https:\/\/www.id-horsemanship.de\/wp-content\/uploads\/2023\/01\/Logo-mit-NHSTExt-1.jpg 1632w\" sizes=\"auto, (max-width: 1024px) 100vw, 1024px\" \/><\/figure>\n\n\n\n<figure class=\"wp-block-image size-full\"><img loading=\"lazy\" decoding=\"async\" width=\"950\" height=\"633\" src=\"https:\/\/id-horsemanship.hsudl-hosting.eu\/wp-content\/uploads\/2023\/01\/Letahorsebreathonyourheart.jpg\" alt=\"\" class=\"wp-image-62\" srcset=\"https:\/\/www.id-horsemanship.de\/wp-content\/uploads\/2023\/01\/Letahorsebreathonyourheart.jpg 950w, https:\/\/www.id-horsemanship.de\/wp-content\/uploads\/2023\/01\/Letahorsebreathonyourheart-300x200.jpg 300w, https:\/\/www.id-horsemanship.de\/wp-content\/uploads\/2023\/01\/Letahorsebreathonyourheart-768x512.jpg 768w\" sizes=\"auto, (max-width: 950px) 100vw, 950px\" \/><\/figure>\n\n\n\n<p>Geboren 1993, kam ich durch Zufall mit 4 Jahren (1997) zum Reitverein Kenzingen. Diesem trat ich bei und begann mit dem Voltigieren die ersten direkten Kontakte zu Pferden zu kn\u00fcpfen. Bereits mit 6 Jahren nahm ich ebenfalls zum Voltigierunterricht auch Reitunterricht. Ein paar Jahre sp\u00e4ter und mit dem Wechsel zum Reitstall Adam folgten dort das kleine und gro\u00dfe Hufeisen. Parallel dazu nahm ich ebenso Unterricht bei Ines Fischer Trainer C und Pferdewirtschaftsmeisterin.&nbsp;Als diese sich mit 2 Kleinpferden (liebevoll Ponys genannt) selbstst\u00e4ndig machten wechselten wir (meine Freundin Lea und ich) ganz zu ihr und \u00fcbernahmen w\u00e4hrend zus\u00e4tzlichen Reitunterrichts die Ponys als Reitbeteiligung. So wurde aus 2 mal pro Woche reiten 4-5 mal. Zus\u00e4tzlich kamen die mit einer Reitbeteiligung einhergehenden Pflichten gegen\u00fcber den uns in dieser Zeit anvertrauten Pferde.&nbsp;Mit den Ponys erarbeiteten wir viel, immer unter regelm\u00e4\u00dfiger Korrektur von Ines. Die einst im Gel\u00e4nde sehr schreckhaften Kleinpferde buckelten immer seltener und wurden verl\u00e4sslich im Gel\u00e4nde, auch f\u00fcr kleinere Kinder. &nbsp;Zus\u00e4tzlich erarbeiteten wir unter Aufsicht Lektionen von Schulter herein, Travers, Renvers, bis hin zu Beginnen der Piaffe und Pirouette.&nbsp;<\/p>\n\n\n\n<p>Zus\u00e4tzlich begannen wir mit den beiden kleine Shows (in Mittelalterauftritten), K\u00fcre , Quadrillien, Turniere (Dressur). Die Zeit mit den &#8222;Ponys&#8220; machte mich wirklich Sattelfest und allzeit auf Buckler bereit.&nbsp;<br><br>2010 kaufte ich mir mein erstes eigenes Pferd: Dodge, einen 2 j\u00e4hrigen absolut rohen (Halfter kannte er, das wars) Quartermix von Simen Horses.&nbsp;<br>Den Start dieses &#8222;Eselchen&#8220; und auch die weitere Ausbildung wollte ich nach Natural Horsemanship durchf\u00fchren. Bereits mit einem der Ponys angefangen, befasste ich mich mit Dodge noch viel mehr mit der Art des nat\u00fcrlichsten Umgangs. 2011 begann ich Kurse bei Urs Heer Parelli 4* Performer in der HETS &#8211; Schule. Noch 2011 absolvierte ich das Level 1 mit Dodge (nach dem alten 3 &#8211; Level &#8211; Programm). 2012 folgte der Abschluss des Abiturs in Freiburg und ein vorl\u00e4ufiges Level 2 (endg\u00fcltig nach Vorweis mit eigenem Pferd).&nbsp;<br>Daraufhin folgte 2012 bis 2013 ein Auslandsjahr in Kanada. Dort hielt ich mich gr\u00f6\u00dftenteils auf der Ranch von Doug Mills (Training Thru Trust Horsemanship) auf, bei dem ich mein bisher erlerntes Horsemanship um weitere Methoden erweiterte. Ebenso verbrachte ich viel Zeit bei Kade Mills (Sohn von Doug), der sich vor allem auf das Starten von Jungpferden spezialisierte und dem Ropingsport nachgeht.<\/p>\n\n\n\n<p>Zudem arbeitete ich eine Zeit f\u00fcr Tori Meggison, Reining Trainerin und Z\u00fcchterin von Quarter Horses und Appaloosa Pferden in Saskatchewan (CA) . &nbsp;Dort erprobte ich viel von dem neu gelerntem im direkten Jungpferdestart. Meine Aufgabe dort war zu 80% Jungpferdestart und 20% zuletzt wenig gerittene Pferde auf den Verkauf vorzubereiten.<\/p>\n\n\n\n<p>Zur\u00fcck in Deutschland beendete ich mein Level 2 mit Dodge in der Schweiz in San Jon bei Urs, w\u00e4hrend unseres ersten Level 3 Kurses.&nbsp;<\/p>\n\n\n\n<p>Aus Spa\u00df nehmen Dodge und ich hin und wieder an kleineren Turnieren teil.&nbsp;Am 17.09.15 endlich den Schritt zur Selbstst\u00e4ndigkeit und Anmeldung zum Kleingewerbe als mobiler Reitlehrer.&nbsp;\u00dcber die letzten Jahre erarbeitete ich mir alle notwendigen Qualifizierungen f\u00fcr den Trainer C Westernreiten.&nbsp;Dies beinhaltete: Western Reit Abzeichen IV und III (Bronze), Longierabzeichen V und den Trainerassistenten. Am 01.August 2018 schloss ich den Trainer C Westernreiten Leistungssport erfolgreich ab.&nbsp;<br>Die diente f\u00fcr mich als zus\u00e4tzliche Anregung und Ausbildung, mein Hauptaugenmerk liegt allerdings noch immer auf dem Weg des Natural Horsemanship (was nicht hei\u00dft, das man dies nicht verbinden kann) \ud83d\ude09 .Zus\u00e4tzlich versuche ich mich auch immer so breitgef\u00e4chert wie m\u00f6glich weiter zu bilden und empfehle dies auch immer meinen Reitsch\u00fclern*innen.<\/p>\n\n\n\n<figure class=\"wp-block-image size-large\"><img loading=\"lazy\" decoding=\"async\" width=\"1024\" height=\"683\" src=\"https:\/\/id-horsemanship.hsudl-hosting.eu\/wp-content\/uploads\/2023\/01\/Kurs-KEhl-1024x683.jpg\" alt=\"\" class=\"wp-image-65\" srcset=\"https:\/\/www.id-horsemanship.de\/wp-content\/uploads\/2023\/01\/Kurs-KEhl-1024x683.jpg 1024w, https:\/\/www.id-horsemanship.de\/wp-content\/uploads\/2023\/01\/Kurs-KEhl-300x200.jpg 300w, https:\/\/www.id-horsemanship.de\/wp-content\/uploads\/2023\/01\/Kurs-KEhl-768x512.jpg 768w, https:\/\/www.id-horsemanship.de\/wp-content\/uploads\/2023\/01\/Kurs-KEhl.jpg 1125w\" sizes=\"auto, (max-width: 1024px) 100vw, 1024px\" \/><\/figure>\n\n\n\n<figure class=\"wp-block-image size-large\"><img loading=\"lazy\" decoding=\"async\" width=\"768\" height=\"1024\" src=\"https:\/\/www.id-horsemanship.de\/wp-content\/uploads\/2023\/11\/Trainer-C_geschwaerzt-768x1024.jpg\" alt=\"\" class=\"wp-image-97\" srcset=\"https:\/\/www.id-horsemanship.de\/wp-content\/uploads\/2023\/11\/Trainer-C_geschwaerzt-768x1023.jpg 768w, https:\/\/www.id-horsemanship.de\/wp-content\/uploads\/2023\/11\/Trainer-C_geschwaerzt-225x300.jpg 225w, https:\/\/www.id-horsemanship.de\/wp-content\/uploads\/2023\/11\/Trainer-C_geschwaerzt-1153x1536.jpg 1153w, https:\/\/www.id-horsemanship.de\/wp-content\/uploads\/2023\/11\/Trainer-C_geschwaerzt.jpg 1425w\" sizes=\"auto, (max-width: 768px) 100vw, 768px\" \/><figcaption>Bescheinigung Trainer C Westernreiten der EWU und FN<\/figcaption><\/figure>\n","protected":false},"excerpt":{"rendered":"<p>Geboren 1993, kam ich durch Zufall mit 4 Jahren (1997) zum Reitverein Kenzingen. Diesem trat ich bei und begann mit dem Voltigieren die ersten direkten Kontakte zu Pferden zu kn\u00fcpfen. Bereits mit 6 Jahren nahm ich ebenfalls zum Voltigierunterricht auch Reitunterricht. Ein paar Jahre sp\u00e4ter und mit dem Wechsel zum Reitstall Adam folgten dort das &hellip; <\/p>\n<p class=\"link-more\"><a href=\"https:\/\/www.id-horsemanship.de\/?page_id=12\" class=\"more-link\"><span class=\"screen-reader-text\">\u201e\u00dcber mich\u201c<\/span> weiterlesen<\/a><\/p>\n","protected":false},"author":1,"featured_media":0,"parent":0,"menu_order":0,"comment_status":"closed","ping_status":"closed","template":"","meta":{"footnotes":""},"class_list":["post-12","page","type-page","status-publish","hentry","entry"],"_links":{"self":[{"href":"https:\/\/www.id-horsemanship.de\/index.php?rest_route=\/wp\/v2\/pages\/12","targetHints":{"allow":["GET"]}}],"collection":[{"href":"https:\/\/www.id-horsemanship.de\/index.php?rest_route=\/wp\/v2\/pages"}],"about":[{"href":"https:\/\/www.id-horsemanship.de\/index.php?rest_route=\/wp\/v2\/types\/page"}],"author":[{"embeddable":true,"href":"https:\/\/www.id-horsemanship.de\/index.php?rest_route=\/wp\/v2\/users\/1"}],"replies":[{"embeddable":true,"href":"https:\/\/www.id-horsemanship.de\/index.php?rest_route=%2Fwp%2Fv2%2Fcomments&post=12"}],"version-history":[{"count":6,"href":"https:\/\/www.id-horsemanship.de\/index.php?rest_route=\/wp\/v2\/pages\/12\/revisions"}],"predecessor-version":[{"id":98,"href":"https:\/\/www.id-horsemanship.de\/index.php?rest_route=\/wp\/v2\/pages\/12\/revisions\/98"}],"wp:attachment":[{"href":"https:\/\/www.id-horsemanship.de\/index.php?rest_route=%2Fwp%2Fv2%2Fmedia&parent=12"}],"curies":[{"name":"wp","href":"https:\/\/api.w.org\/{rel}","templated":true}]}}